{"id":1230,"date":"2023-12-29T15:07:55","date_gmt":"2023-12-29T15:07:55","guid":{"rendered":"https:\/\/wiko-base.com\/?page_id=1230"},"modified":"2023-12-29T15:15:14","modified_gmt":"2023-12-29T15:15:14","slug":"sapun","status":"publish","type":"page","link":"https:\/\/wiko-base.com\/en\/sapun\/","title":{"rendered":"Sapun"},"content":{"rendered":"<div style=\"height:80px\" aria-hidden=\"true\" class=\"wp-block-spacer\"><\/div>\n\n\n\n<div class=\"wp-block-uagb-container uagb-block-12625567 alignfull uagb-is-root-container\"><div class=\"uagb-container-inner-blocks-wrap\">\n<div data-aos= \"zoom-in\" data-aos-duration=\"400\" data-aos-delay=\"0\" data-aos-easing=\"ease\" data-aos-once=\"true\" class=\"wp-block-uagb-advanced-heading uagb-block-d28d8d4e\"><h1 class=\"uagb-heading-text\">Sapun<\/h1><\/div>\n<\/div><\/div>\n\n\n\n<div class=\"wp-block-uagb-container uagb-block-8e7bc7f1 alignfull uagb-is-root-container\"><div class=\"uagb-container-inner-blocks-wrap\">\n<div class=\"wp-block-uagb-container uagb-block-c8b68ce8\">\n<div class=\"wp-block-uagb-image uagb-block-47402073 wp-block-uagb-image--layout-default wp-block-uagb-image--effect-static wp-block-uagb-image--align-none\"><figure class=\"wp-block-uagb-image__figure\"><img decoding=\"async\" srcset=\"https:\/\/wiko-base.com\/wp-content\/uploads\/2023\/12\/WhatsApp-Image-2023-12-28-at-20.39.46_a02ee2b4-1-1024x1024.jpg \" sizes=\"auto, (max-width: 480px) 150px\" src=\"https:\/\/wiko-base.com\/wp-content\/uploads\/2023\/12\/WhatsApp-Image-2023-12-28-at-20.39.46_a02ee2b4-1-1024x1024.jpg\" alt=\"\" class=\"uag-image-1231\" width=\"1024\" height=\"1024\" title=\"\" loading=\"lazy\"\/><\/figure><\/div>\n<\/div>\n\n\n\n<div class=\"wp-block-uagb-container uagb-block-62c0229b\">\n<figure class=\"wp-block-table is-style-regular\"><table class=\"has-text-color has-link-color\" style=\"color:#999999\"><tbody><tr><td>Produkt<\/td><td>Handgemachte Seifen<\/td><\/tr><tr><td>Herkunft<\/td><td>Bosnien<\/td><\/tr><tr><td>USP<\/td><td>Preis-Leistung, Wirkung f\u00fcr Haut, Design<\/td><\/tr><tr><td>Unser Engagement<\/td><td>Marktrecherche, Preisstrategie Vertriebsf\u00e4higkeit D-A-CH, Laborpr\u00fcfungen, Etiketten Anpassungen, Erstellung Marketingkonzept, Akquisition, Vertrieb<\/td><\/tr><tr><td>Listungen \/ Partner<\/td><td>im Aufbau<\/td><\/tr><\/tbody><\/table><\/figure>\n<\/div>\n<\/div><\/div>","protected":false},"excerpt":{"rendered":"<p>Sapun Produkt Handgemachte Seifen Herkunft Bosnien USP Preis-Leistung, Wirkung f\u00fcr Haut, Design Unser Engagement Marktrecherche, Preisstrategie Vertriebsf\u00e4higkeit D-A-CH, Laborpr\u00fcfungen, Etiketten Anpassungen, Erstellung Marketingkonzept, Akquisition, Vertrieb Listungen \/ Partner im Aufbau<\/p>","protected":false},"author":1,"featured_media":0,"parent":0,"menu_order":0,"comment_status":"closed","ping_status":"closed","template":"page-templates\/template-sinatra-fullwidth.php","meta":{"_eb_attr":"","om_disable_all_campaigns":false,"_uag_custom_page_level_css":"","_monsterinsights_skip_tracking":false,"_monsterinsights_sitenote_active":false,"_monsterinsights_sitenote_note":"","_monsterinsights_sitenote_category":0,"footnotes":""},"class_list":["post-1230","page","type-page","status-publish","hentry"],"aioseo_notices":[],"uagb_featured_image_src":{"full":false,"thumbnail":false,"medium":false,"medium_large":false,"large":false,"1536x1536":false,"2048x2048":false,"trp-custom-language-flag":false,"mailpoet_newsletter_max":false},"uagb_author_info":{"display_name":"admin","author_link":"https:\/\/wiko-base.com\/en\/author\/admin\/"},"uagb_comment_info":0,"uagb_excerpt":"Sapun Produkt Handgemachte Seifen Herkunft Bosnien USP Preis-Leistung, Wirkung f\u00fcr Haut, Design Unser Engagement Marktrecherche, Preisstrategie Vertriebsf\u00e4higkeit D-A-CH, Laborpr\u00fcfungen, Etiketten Anpassungen, Erstellung Marketingkonzept, Akquisition, Vertrieb Listungen \/ Partner im Aufbau","jetpack_sharing_enabled":true,"_links":{"self":[{"href":"https:\/\/wiko-base.com\/en\/wp-json\/wp\/v2\/pages\/1230","targetHints":{"allow":["GET"]}}],"collection":[{"href":"https:\/\/wiko-base.com\/en\/wp-json\/wp\/v2\/pages"}],"about":[{"href":"https:\/\/wiko-base.com\/en\/wp-json\/wp\/v2\/types\/page"}],"author":[{"embeddable":true,"href":"https:\/\/wiko-base.com\/en\/wp-json\/wp\/v2\/users\/1"}],"replies":[{"embeddable":true,"href":"https:\/\/wiko-base.com\/en\/wp-json\/wp\/v2\/comments?post=1230"}],"version-history":[{"count":1,"href":"https:\/\/wiko-base.com\/en\/wp-json\/wp\/v2\/pages\/1230\/revisions"}],"predecessor-version":[{"id":1232,"href":"https:\/\/wiko-base.com\/en\/wp-json\/wp\/v2\/pages\/1230\/revisions\/1232"}],"wp:attachment":[{"href":"https:\/\/wiko-base.com\/en\/wp-json\/wp\/v2\/media?parent=1230"}],"curies":[{"name":"wp","href":"https:\/\/api.w.org\/{rel}","templated":true}]}}