{"id":304,"date":"2023-09-27T09:41:45","date_gmt":"2023-09-27T09:41:45","guid":{"rendered":"https:\/\/wiko-base.com\/?page_id=304"},"modified":"2023-12-29T15:08:17","modified_gmt":"2023-12-29T15:08:17","slug":"commerce","status":"publish","type":"page","link":"https:\/\/wiko-base.com\/en\/commerce\/","title":{"rendered":"Commerce"},"content":{"rendered":"<div class=\"wp-block-uagb-container uagb-block-d8ad7030 alignfull uagb-is-root-container\"><div class=\"uagb-container-inner-blocks-wrap\"><\/div><\/div>\n\n\n\n<div class=\"wp-block-uagb-container uagb-block-0fabd777 alignfull uagb-is-root-container\"><div class=\"uagb-container-inner-blocks-wrap\">\n<div class=\"wp-block-uagb-advanced-heading uagb-block-3c81020f\"><h1 class=\"uagb-heading-text\">Commerce<\/h1><\/div>\n<\/div><\/div>\n\n\n\n<div class=\"wp-block-uagb-container uagb-block-cac00d28 alignfull uagb-is-root-container\"><div class=\"uagb-container-inner-blocks-wrap\">\n<div data-aos= \"fade-down\" data-aos-duration=\"400\" data-aos-delay=\"0\" data-aos-easing=\"ease\" data-aos-once=\"true\" class=\"wp-block-uagb-advanced-heading uagb-block-538a988b\"><h2 class=\"uagb-heading-text\">Unsere Handelsfirma ist darauf spezialisiert, hochwertige Produkte anzubieten und diese an unsere Kunden zu verkaufen. Wir arbeiten eng mit renommierten Herstellern zusammen, um sicherzustellen, dass wir nur Produkte von h\u00f6chster Qualit\u00e4t anbieten.<\/h2><\/div>\n\n\n\n<div data-aos= \"fade-down\" data-aos-duration=\"400\" data-aos-delay=\"0\" data-aos-easing=\"ease\" data-aos-once=\"true\" class=\"wp-block-uagb-advanced-heading uagb-block-afd186b7\"><h2 class=\"uagb-heading-text\">Unser Sortiment umfasst eine Vielzahl von Produkten aus verschiedenen Bereichen wie technische Ger\u00e4te, Elektronik, Haushaltswaren und vieles mehr. Wir w\u00e4hlen sorgf\u00e4ltig die besten Produkte aus, um sicherzustellen, dass sie den Bed\u00fcrfnissen und Anforderungen unserer Kunden entsprechen.<\/h2><\/div>\n\n\n\n<div data-aos= \"fade-down\" data-aos-duration=\"400\" data-aos-delay=\"0\" data-aos-easing=\"ease\" data-aos-once=\"true\" class=\"wp-block-uagb-advanced-heading uagb-block-242c2155\"><h2 class=\"uagb-heading-text\">Dar\u00fcber hinaus legen wir gro\u00dfen Wert auf Zuverl\u00e4ssigkeit und Kundenzufriedenheit. Wir bem\u00fchen uns, einen exzellenten Kundenservice zu bieten und gehen individuell auf die Bed\u00fcrfnisse unserer Kunden ein. Unser Ziel ist es, langfristige Partnerschaften aufzubauen und unseren Kunden ein vertrauensw\u00fcrdiger Partner zu sein.<\/h2><\/div>\n\n\n\n<div data-aos= \"fade-down\" data-aos-duration=\"400\" data-aos-delay=\"0\" data-aos-easing=\"ease\" data-aos-once=\"true\" class=\"wp-block-uagb-advanced-heading uagb-block-aa41e821\"><h2 class=\"uagb-heading-text\">Unsere Handelsfirma zeichnet sich durch Professionalit\u00e4t, Qualit\u00e4t und Vertrauen aus. Wir sind stets bestrebt, die Erwartungen unserer Kunden zu \u00fcbertreffen und ihnen ein positives Einkaufserlebnis zu bieten.<\/h2><\/div>\n\n\n\n<div data-aos= \"fade-down\" data-aos-duration=\"400\" data-aos-delay=\"0\" data-aos-easing=\"ease\" data-aos-once=\"true\" class=\"wp-block-uagb-advanced-heading uagb-block-8fe701a6\"><h2 class=\"uagb-heading-text\">Wenn Sie nach hochwertigen Produkten suchen und einen zuverl\u00e4ssigen Partner f\u00fcr Ihren Einkauf ben\u00f6tigen, sind Sie bei uns genau richtig. Kontaktieren Sie uns gerne f\u00fcr weitere Informationen oder um Ihre Anforderungen mit uns zu besprechen. Wir freuen uns darauf, Ihnen weiterhelfen zu k\u00f6nnen!<\/h2><\/div>\n<\/div><\/div>\n\n\n\n<div style=\"height:25px\" aria-hidden=\"true\" class=\"wp-block-spacer\"><\/div>\n\n\n\n<div class=\"wp-block-uagb-container uagb-block-746ada85 alignfull uagb-is-root-container\"><div class=\"uagb-container-inner-blocks-wrap\">\n<div class=\"wp-block-uagb-container uagb-block-3f1a818a\">\n<div class=\"wp-block-uagb-image uagb-block-ea9a863b wp-block-uagb-image--layout-default wp-block-uagb-image--effect-zoomin wp-block-uagb-image--align-none\"><figure class=\"wp-block-uagb-image__figure\"><img decoding=\"async\" srcset=\"https:\/\/wiko-base.com\/wp-content\/uploads\/2023\/12\/Untitled-design-11-1024x1024.png \" sizes=\"auto, (max-width: 480px) 150px\" src=\"https:\/\/wiko-base.com\/wp-content\/uploads\/2023\/12\/Untitled-design-11-1024x1024.png\" alt=\"\" class=\"uag-image-1086\" width=\"1024\" height=\"1024\" title=\"\" loading=\"lazy\"\/><\/figure><\/div>\n\n\n\n<div class=\"wp-block-uagb-container uagb-block-b49d59b8\">\n<div class=\"wp-block-uagb-advanced-heading uagb-block-9537007d\"><h2 class=\"uagb-heading-text\">SOULDROPS<\/h2><\/div>\n\n\n\n<div class=\"wp-block-uagb-advanced-heading uagb-block-21db231b\"><h2 class=\"uagb-heading-text\">EDEKA, NETTO, Budni Drogeriemarkt, OTTO&#8217;s<\/h2><\/div>\n\n\n\n<div class=\"wp-block-uagb-buttons uagb-buttons__outer-wrap uagb-btn__default-btn uagb-btn-tablet__default-btn uagb-btn-mobile__default-btn uagb-block-4d1ccfd2\"><div class=\"uagb-buttons__wrap uagb-buttons-layout-wrap\">\n<div class=\"wp-block-uagb-buttons-child uagb-buttons__outer-wrap uagb-block-a68e76c0 wp-block-button\"><div class=\"uagb-button__wrapper\"><a class=\"uagb-buttons-repeater wp-block-button__link\" href=\"https:\/\/wiko-base.com\/en\/souldrops\/\" onclick=\"return true;\" rel=\"follow noopener\" target=\"_self\"><div class=\"uagb-button__link\">Einzelheiten<\/div><\/a><\/div><\/div>\n<\/div><\/div>\n<\/div>\n<\/div>\n\n\n\n<div class=\"wp-block-uagb-container uagb-block-a01b8a78\">\n<div class=\"wp-block-uagb-image uagb-block-0d46dcd8 wp-block-uagb-image--layout-default wp-block-uagb-image--effect-zoomin wp-block-uagb-image--align-none\"><figure class=\"wp-block-uagb-image__figure\"><img decoding=\"async\" srcset=\"https:\/\/wiko-base.com\/wp-content\/uploads\/2023\/12\/Sansin-1024x1024.jpg \" sizes=\"auto, (max-width: 480px) 150px\" src=\"https:\/\/wiko-base.com\/wp-content\/uploads\/2023\/12\/Sansin-1024x1024.jpg\" alt=\"\" class=\"uag-image-1176\" width=\"1024\" height=\"1024\" title=\"\" loading=\"lazy\"\/><\/figure><\/div>\n\n\n\n<div class=\"wp-block-uagb-container uagb-block-3ba045ec\">\n<div class=\"wp-block-uagb-advanced-heading uagb-block-47244d0e\"><h2 class=\"uagb-heading-text\">SANSIN<\/h2><\/div>\n\n\n\n<div class=\"wp-block-uagb-advanced-heading uagb-block-a44c1f88\"><h2 class=\"uagb-heading-text\">EDEKA, Budni Drogeriemarkt, M\u00fcller Drogeriemarkt<\/h2><\/div>\n\n\n\n<div class=\"wp-block-uagb-buttons uagb-buttons__outer-wrap uagb-btn__default-btn uagb-btn-tablet__default-btn uagb-btn-mobile__default-btn uagb-block-7ca96300\"><div class=\"uagb-buttons__wrap uagb-buttons-layout-wrap\">\n<div class=\"wp-block-uagb-buttons-child uagb-buttons__outer-wrap uagb-block-6d3648d1 wp-block-button\"><div class=\"uagb-button__wrapper\"><a class=\"uagb-buttons-repeater wp-block-button__link\" href=\"https:\/\/wiko-base.com\/en\/sansin\/\" onclick=\"return true;\" rel=\"follow noopener\" target=\"_self\"><div class=\"uagb-button__link\">Einzelheiten<\/div><\/a><\/div><\/div>\n<\/div><\/div>\n<\/div>\n<\/div>\n\n\n\n<div class=\"wp-block-uagb-container uagb-block-d0c222e6\">\n<div class=\"wp-block-uagb-image uagb-block-218bb045 wp-block-uagb-image--layout-default wp-block-uagb-image--effect-zoomin wp-block-uagb-image--align-none\"><figure class=\"wp-block-uagb-image__figure\"><img decoding=\"async\" srcset=\"https:\/\/wiko-base.com\/wp-content\/uploads\/2023\/12\/Michael-Blast-E-Bike-1.jpg \" sizes=\"auto, (max-width: 480px) 150px\" src=\"https:\/\/wiko-base.com\/wp-content\/uploads\/2023\/12\/Michael-Blast-E-Bike-1.jpg\" alt=\"\" class=\"uag-image-1174\" width=\"1024\" height=\"1024\" title=\"\" loading=\"lazy\"\/><\/figure><\/div>\n\n\n\n<div class=\"wp-block-uagb-container uagb-block-9f55c497\">\n<div class=\"wp-block-uagb-advanced-heading uagb-block-bf123fee\"><h2 class=\"uagb-heading-text\">MICHAEL BLAST E-BIKES<\/h2><\/div>\n\n\n\n<div class=\"wp-block-uagb-advanced-heading uagb-block-637767c6\"><h2 class=\"uagb-heading-text\">Verschiedene Fahrradgesch\u00e4fte in der Schweiz<\/h2><\/div>\n\n\n\n<div class=\"wp-block-uagb-buttons uagb-buttons__outer-wrap uagb-btn__default-btn uagb-btn-tablet__default-btn uagb-btn-mobile__default-btn uagb-block-352a7eff\"><div class=\"uagb-buttons__wrap uagb-buttons-layout-wrap\">\n<div class=\"wp-block-uagb-buttons-child uagb-buttons__outer-wrap uagb-block-70aa5ba9 wp-block-button\"><div class=\"uagb-button__wrapper\"><a class=\"uagb-buttons-repeater wp-block-button__link\" href=\"https:\/\/wiko-base.com\/en\/michael-blast-e-bikes\/\" onclick=\"return true;\" rel=\"follow noopener\" target=\"_self\"><div class=\"uagb-button__link\">Einzelheiten<\/div><\/a><\/div><\/div>\n<\/div><\/div>\n<\/div>\n<\/div>\n\n\n\n<div class=\"wp-block-uagb-container uagb-block-81596048\">\n<div class=\"wp-block-uagb-image uagb-block-583c8fc5 wp-block-uagb-image--layout-default wp-block-uagb-image--effect-zoomin wp-block-uagb-image--align-none\"><figure class=\"wp-block-uagb-image__figure\"><img decoding=\"async\" srcset=\"https:\/\/wiko-base.com\/wp-content\/uploads\/2023\/12\/Absolute-Life-1024x1024.jpg \" sizes=\"auto, (max-width: 480px) 150px\" src=\"https:\/\/wiko-base.com\/wp-content\/uploads\/2023\/12\/Absolute-Life-1024x1024.jpg\" alt=\"\" class=\"uag-image-1177\" width=\"1024\" height=\"1024\" title=\"\" loading=\"lazy\"\/><\/figure><\/div>\n\n\n\n<div class=\"wp-block-uagb-container uagb-block-5bba7b8e\">\n<div class=\"wp-block-uagb-advanced-heading uagb-block-d3def95e\"><h2 class=\"uagb-heading-text\">ABSOLUTE LIVE<\/h2><\/div>\n\n\n\n<div class=\"wp-block-uagb-advanced-heading uagb-block-947eaa91\"><h2 class=\"uagb-heading-text\">Verschiedene Fitness Studios in der Schweiz, Profi Fussballclub FC Schaffhausen, Boxprofi Egzon Maliqqaj, Fussballprofi Michael Kempter, verschiedene Jungathleten<\/h2><\/div>\n\n\n\n<div class=\"wp-block-uagb-buttons uagb-buttons__outer-wrap uagb-btn__default-btn uagb-btn-tablet__default-btn uagb-btn-mobile__default-btn uagb-block-728d7e1d\"><div class=\"uagb-buttons__wrap uagb-buttons-layout-wrap\">\n<div class=\"wp-block-uagb-buttons-child uagb-buttons__outer-wrap uagb-block-8d71f48c wp-block-button\"><div class=\"uagb-button__wrapper\"><a class=\"uagb-buttons-repeater wp-block-button__link\" href=\"https:\/\/wiko-base.com\/en\/absolute-live\/\" onclick=\"return true;\" rel=\"follow noopener\" target=\"_self\"><div class=\"uagb-button__link\">Einzelheiten<\/div><\/a><\/div><\/div>\n<\/div><\/div>\n<\/div>\n<\/div>\n<\/div><\/div>\n\n\n\n<div class=\"wp-block-uagb-container uagb-block-1f8cf810 alignfull uagb-is-root-container\"><div class=\"uagb-container-inner-blocks-wrap\">\n<div class=\"wp-block-uagb-container uagb-block-2f42a6ed\">\n<div class=\"wp-block-uagb-image uagb-block-07f00e74 wp-block-uagb-image--layout-default wp-block-uagb-image--effect-zoomin wp-block-uagb-image--align-none\"><figure class=\"wp-block-uagb-image__figure\"><img decoding=\"async\" srcset=\"https:\/\/wiko-base.com\/wp-content\/uploads\/2023\/12\/Produktprasentation-Pannonia-Wasser-1024x1024.jpg \" sizes=\"auto, (max-width: 480px) 150px\" src=\"https:\/\/wiko-base.com\/wp-content\/uploads\/2023\/12\/Produktprasentation-Pannonia-Wasser-1024x1024.jpg\" alt=\"\" class=\"uag-image-1180\" width=\"1024\" height=\"1024\" title=\"\" loading=\"lazy\"\/><\/figure><\/div>\n\n\n\n<div class=\"wp-block-uagb-container uagb-block-f003d7bf\">\n<div class=\"wp-block-uagb-advanced-heading uagb-block-58fb1e65\"><h2 class=\"uagb-heading-text\">YOUR BRAND. YOUR WATER.<\/h2><\/div>\n\n\n\n<div class=\"wp-block-uagb-advanced-heading uagb-block-636b93d3\"><h2 class=\"uagb-heading-text\">Porsche Aargau<\/h2><\/div>\n\n\n\n<div class=\"wp-block-uagb-buttons uagb-buttons__outer-wrap uagb-btn__default-btn uagb-btn-tablet__default-btn uagb-btn-mobile__default-btn uagb-block-0e0264aa\"><div class=\"uagb-buttons__wrap uagb-buttons-layout-wrap\">\n<div class=\"wp-block-uagb-buttons-child uagb-buttons__outer-wrap uagb-block-0d240ceb wp-block-button\"><div class=\"uagb-button__wrapper\"><a class=\"uagb-buttons-repeater wp-block-button__link\" href=\"https:\/\/wiko-base.com\/en\/your-brand-your-water\/\" onclick=\"return true;\" rel=\"follow noopener\" target=\"_self\"><div class=\"uagb-button__link\">Einzelheiten<\/div><\/a><\/div><\/div>\n<\/div><\/div>\n<\/div>\n<\/div>\n\n\n\n<div class=\"wp-block-uagb-container uagb-block-bee87a77\">\n<div class=\"wp-block-uagb-image uagb-block-6ef978df wp-block-uagb-image--layout-default wp-block-uagb-image--effect-zoomin wp-block-uagb-image--align-none\"><figure class=\"wp-block-uagb-image__figure\"><img decoding=\"async\" srcset=\"https:\/\/wiko-base.com\/wp-content\/uploads\/2023\/12\/Gelato-Italiano-1024x1024.jpg \" sizes=\"auto, (max-width: 480px) 150px\" src=\"https:\/\/wiko-base.com\/wp-content\/uploads\/2023\/12\/Gelato-Italiano-1024x1024.jpg\" alt=\"\" class=\"uag-image-1182\" width=\"1024\" height=\"1024\" title=\"\" loading=\"lazy\"\/><\/figure><\/div>\n\n\n\n<div class=\"wp-block-uagb-container uagb-block-6152ce7a\">\n<div class=\"wp-block-uagb-advanced-heading uagb-block-537c6f46\"><h2 class=\"uagb-heading-text\">GELATO ITALIANO<\/h2><\/div>\n\n\n\n<div class=\"wp-block-uagb-advanced-heading uagb-block-27cf6e80\"><h2 class=\"uagb-heading-text\">SPAR CH<\/h2><\/div>\n\n\n\n<div class=\"wp-block-uagb-buttons uagb-buttons__outer-wrap uagb-btn__default-btn uagb-btn-tablet__default-btn uagb-btn-mobile__default-btn uagb-block-d0d42b32\"><div class=\"uagb-buttons__wrap uagb-buttons-layout-wrap\">\n<div class=\"wp-block-uagb-buttons-child uagb-buttons__outer-wrap uagb-block-5dc703dd wp-block-button\"><div class=\"uagb-button__wrapper\"><a class=\"uagb-buttons-repeater wp-block-button__link\" href=\"https:\/\/wiko-base.com\/en\/gelato-italiano\/\" onclick=\"return true;\" rel=\"follow noopener\" target=\"_self\"><div class=\"uagb-button__link\">Einzelheiten<\/div><\/a><\/div><\/div>\n<\/div><\/div>\n<\/div>\n<\/div>\n\n\n\n<div class=\"wp-block-uagb-container uagb-block-548adf91\">\n<div class=\"wp-block-uagb-image uagb-block-658c1806 wp-block-uagb-image--layout-default wp-block-uagb-image--effect-zoomin wp-block-uagb-image--align-none\"><figure class=\"wp-block-uagb-image__figure\"><img decoding=\"async\" srcset=\"https:\/\/wiko-base.com\/wp-content\/uploads\/2023\/12\/Proteini-Brand-1024x1024.jpg \" sizes=\"auto, (max-width: 480px) 150px\" src=\"https:\/\/wiko-base.com\/wp-content\/uploads\/2023\/12\/Proteini-Brand-1024x1024.jpg\" alt=\"\" class=\"uag-image-1181\" width=\"1024\" height=\"1024\" title=\"\" loading=\"lazy\"\/><\/figure><\/div>\n\n\n\n<div class=\"wp-block-uagb-container uagb-block-6412bb5e\">\n<div class=\"wp-block-uagb-advanced-heading uagb-block-79091530\"><h2 class=\"uagb-heading-text\">PROTEINI<\/h2><\/div>\n\n\n\n<div class=\"wp-block-uagb-advanced-heading uagb-block-128e24f1\"><h2 class=\"uagb-heading-text\">DM Drogeriemarkt M\u00fcller Drogeriemarkt BIPA AT<\/h2><\/div>\n\n\n\n<div class=\"wp-block-uagb-buttons uagb-buttons__outer-wrap uagb-btn__default-btn uagb-btn-tablet__default-btn uagb-btn-mobile__default-btn uagb-block-e83e1f09\"><div class=\"uagb-buttons__wrap uagb-buttons-layout-wrap\">\n<div class=\"wp-block-uagb-buttons-child uagb-buttons__outer-wrap uagb-block-bf20d75c wp-block-button\"><div class=\"uagb-button__wrapper\"><a class=\"uagb-buttons-repeater wp-block-button__link\" href=\"https:\/\/wiko-base.com\/en\/proteini\/\" onclick=\"return true;\" rel=\"follow noopener\" target=\"_self\"><div class=\"uagb-button__link\">Einzelheiten<\/div><\/a><\/div><\/div>\n<\/div><\/div>\n<\/div>\n<\/div>\n\n\n\n<div class=\"wp-block-uagb-container uagb-block-a1bad79e\">\n<div class=\"wp-block-uagb-image uagb-block-2d39ca52 wp-block-uagb-image--layout-default wp-block-uagb-image--effect-zoomin wp-block-uagb-image--align-none\"><figure class=\"wp-block-uagb-image__figure\"><img decoding=\"async\" srcset=\"https:\/\/wiko-base.com\/wp-content\/uploads\/2023\/12\/WhatsApp-Image-2023-12-28-at-20.39.46_a02ee2b4-1024x1024.jpg \" sizes=\"auto, (max-width: 480px) 150px\" src=\"https:\/\/wiko-base.com\/wp-content\/uploads\/2023\/12\/WhatsApp-Image-2023-12-28-at-20.39.46_a02ee2b4-1024x1024.jpg\" alt=\"\" class=\"uag-image-1196\" width=\"1024\" height=\"1024\" title=\"\" loading=\"lazy\"\/><\/figure><\/div>\n\n\n\n<div class=\"wp-block-uagb-container uagb-block-cf8695c9\">\n<div class=\"wp-block-uagb-advanced-heading uagb-block-3be417a8\"><h2 class=\"uagb-heading-text\">SAPUN<\/h2><\/div>\n\n\n\n<div class=\"wp-block-uagb-advanced-heading uagb-block-74bd58ec\"><h2 class=\"uagb-heading-text\">im Aufbau<\/h2><\/div>\n\n\n\n<div class=\"wp-block-uagb-buttons uagb-buttons__outer-wrap uagb-btn__default-btn uagb-btn-tablet__default-btn uagb-btn-mobile__default-btn uagb-block-3d96e83a\"><div class=\"uagb-buttons__wrap uagb-buttons-layout-wrap\">\n<div class=\"wp-block-uagb-buttons-child uagb-buttons__outer-wrap uagb-block-d30d45c5 wp-block-button\"><div class=\"uagb-button__wrapper\"><a class=\"uagb-buttons-repeater wp-block-button__link\" href=\"https:\/\/wiko-base.com\/en\/sapun\/\" onclick=\"return true;\" rel=\"follow noopener\" target=\"_self\"><div class=\"uagb-button__link\">Einzelheiten<\/div><\/a><\/div><\/div>\n<\/div><\/div>\n<\/div>\n<\/div>\n<\/div><\/div>\n\n\n\n<div style=\"height:50px\" aria-hidden=\"true\" class=\"wp-block-spacer\"><\/div>\n\n\n\n<div class=\"wp-block-uagb-container uagb-block-c503a9f8 alignfull uagb-is-root-container\"><div class=\"uagb-container-inner-blocks-wrap\">\n<div class=\"wp-block-uagb-advanced-heading uagb-block-b458ac5f\"><h1 class=\"uagb-heading-text\">Unsere Partner<\/h1><\/div>\n\n\n\n<div class=\"wp-block-uagb-container uagb-block-0cc01818 alignfull uagb-is-root-container\"><div class=\"uagb-container-inner-blocks-wrap\">\n<div class=\"wp-block-uagb-container uagb-block-7908f84b\">\n<div class=\"wp-block-uagb-advanced-heading uagb-block-8f79b033\"><h2 class=\"uagb-heading-text\">EDEKA<\/h2><\/div>\n<\/div>\n\n\n\n<div class=\"wp-block-uagb-container uagb-block-9d5cccdc\">\n<div class=\"wp-block-uagb-advanced-heading uagb-block-aa9ab270\"><h2 class=\"uagb-heading-text\">BUDNI<\/h2><\/div>\n<\/div>\n\n\n\n<div class=\"wp-block-uagb-container uagb-block-ad1d1cb4\">\n<div class=\"wp-block-uagb-advanced-heading uagb-block-54392221\"><h2 class=\"uagb-heading-text\">OTTO&#8217;s<\/h2><\/div>\n<\/div>\n\n\n\n<div class=\"wp-block-uagb-container uagb-block-32ba2a3c\">\n<div class=\"wp-block-uagb-advanced-heading uagb-block-6e4a6bf5\"><h2 class=\"uagb-heading-text\">Netto<\/h2><\/div>\n<\/div>\n\n\n\n<div class=\"wp-block-uagb-container uagb-block-b2f7b96a\">\n<div class=\"wp-block-uagb-advanced-heading uagb-block-92831da5\"><h2 class=\"uagb-heading-text\">SPAR CH<\/h2><\/div>\n<\/div>\n\n\n\n<div class=\"wp-block-uagb-container uagb-block-ea59603c\">\n<div class=\"wp-block-uagb-advanced-heading uagb-block-1ca28215\"><h2 class=\"uagb-heading-text\">DM<\/h2><\/div>\n<\/div>\n\n\n\n<div class=\"wp-block-uagb-container uagb-block-b7714814\">\n<div class=\"wp-block-uagb-advanced-heading uagb-block-a8aa046c\"><h2 class=\"uagb-heading-text\">M\u00fcller<\/h2><\/div>\n<\/div>\n<\/div><\/div>\n<\/div><\/div>\n\n\n\n<div class=\"wp-block-uagb-container uagb-block-c20e4756 alignfull uagb-is-root-container\"><div class=\"uagb-container-inner-blocks-wrap\">\n<div class=\"wp-block-uagb-container uagb-block-85a7c6d8\">\n<div class=\"wp-block-uagb-advanced-heading uagb-block-6729ed03\"><h2 class=\"uagb-heading-text\">Wir freuen uns \u00fcber Produkteinreichungen f\u00fcr den Vertrieb in der D-A-CH Region<\/h2><\/div>\n<\/div>\n\n\n\n<div class=\"wp-block-uagb-container uagb-block-530c4472\">\n<div class=\"wp-block-uagb-buttons uagb-buttons__outer-wrap uagb-btn__default-btn uagb-btn-tablet__default-btn uagb-btn-mobile__default-btn uagb-block-f3ed18ed\"><div class=\"uagb-buttons__wrap uagb-buttons-layout-wrap\">\n<div data-aos= \"zoom-out\" data-aos-duration=\"400\" data-aos-delay=\"0\" data-aos-easing=\"ease\" data-aos-once=\"true\" class=\"wp-block-uagb-buttons-child uagb-buttons__outer-wrap uagb-block-bad2e458 wp-block-button\"><div class=\"uagb-button__wrapper\"><a class=\"uagb-buttons-repeater wp-block-button__link\" href=\"mailto:stefano.stassi@wiko-base.com\" onclick=\"return true;\" rel=\"follow noopener\" target=\"_self\"><div class=\"uagb-button__link\">E-Mail senden<\/div><\/a><\/div><\/div>\n<\/div><\/div>\n<\/div>\n<\/div><\/div>\n\n\n\n<div style=\"height:50px\" aria-hidden=\"true\" class=\"wp-block-spacer\"><\/div>","protected":false},"excerpt":{"rendered":"<p>Handel Unsere Handelsfirma ist darauf spezialisiert, hochwertige Produkte anzubieten und diese an unsere Kunden zu verkaufen. Wir arbeiten eng mit renommierten Herstellern zusammen, um sicherzustellen, dass wir nur Produkte von&hellip;<\/p>","protected":false},"author":1,"featured_media":0,"parent":0,"menu_order":0,"comment_status":"closed","ping_status":"closed","template":"page-templates\/template-sinatra-fullwidth.php","meta":{"_eb_attr":"","om_disable_all_campaigns":false,"_uag_custom_page_level_css":"","_monsterinsights_skip_tracking":false,"_monsterinsights_sitenote_active":false,"_monsterinsights_sitenote_note":"","_monsterinsights_sitenote_category":0,"footnotes":""},"class_list":["post-304","page","type-page","status-publish","hentry"],"aioseo_notices":[],"uagb_featured_image_src":{"full":false,"thumbnail":false,"medium":false,"medium_large":false,"large":false,"1536x1536":false,"2048x2048":false,"trp-custom-language-flag":false,"mailpoet_newsletter_max":false},"uagb_author_info":{"display_name":"admin","author_link":"https:\/\/wiko-base.com\/en\/author\/admin\/"},"uagb_comment_info":0,"uagb_excerpt":"Handel Unsere Handelsfirma ist darauf spezialisiert, hochwertige Produkte anzubieten und diese an unsere Kunden zu verkaufen. Wir arbeiten eng mit renommierten Herstellern zusammen, um sicherzustellen, dass wir nur Produkte von&hellip;","jetpack_sharing_enabled":true,"_links":{"self":[{"href":"https:\/\/wiko-base.com\/en\/wp-json\/wp\/v2\/pages\/304","targetHints":{"allow":["GET"]}}],"collection":[{"href":"https:\/\/wiko-base.com\/en\/wp-json\/wp\/v2\/pages"}],"about":[{"href":"https:\/\/wiko-base.com\/en\/wp-json\/wp\/v2\/types\/page"}],"author":[{"embeddable":true,"href":"https:\/\/wiko-base.com\/en\/wp-json\/wp\/v2\/users\/1"}],"replies":[{"embeddable":true,"href":"https:\/\/wiko-base.com\/en\/wp-json\/wp\/v2\/comments?post=304"}],"version-history":[{"count":52,"href":"https:\/\/wiko-base.com\/en\/wp-json\/wp\/v2\/pages\/304\/revisions"}],"predecessor-version":[{"id":1233,"href":"https:\/\/wiko-base.com\/en\/wp-json\/wp\/v2\/pages\/304\/revisions\/1233"}],"wp:attachment":[{"href":"https:\/\/wiko-base.com\/en\/wp-json\/wp\/v2\/media?parent=304"}],"curies":[{"name":"wp","href":"https:\/\/api.w.org\/{rel}","templated":true}]}}